{"id":48305,"date":"2025-04-04T12:48:24","date_gmt":"2025-04-04T15:48:24","guid":{"rendered":"https:\/\/novo-flacso.hacklab.com.br\/transparencia-e-relatorios\/"},"modified":"2026-03-31T12:02:06","modified_gmt":"2026-03-31T15:02:06","slug":"transparency-and-reporting","status":"publish","type":"page","link":"https:\/\/novo-flacso.hacklab.com.br\/en\/transparency-and-reporting\/","title":{"rendered":"Transparency and Reporting"},"content":{"rendered":"\n<h2 class=\"wp-block-heading\">Institutional Reports<\/h2>\n\n\n\n<p>Vorem ipsum dolor sit amet, consectetur adipiscing elit. Nunc vulputate libero et velit interdum, ac aliquet odio Vorem ipsum dolor sit amet, consectetur adipiscing elit. Nunc vulputate libero et velit interdum, ac aliquet odio mattis.<\/p>\n\n\n\n<ul class=\"wp-block-list\">\n<li><a href=\"https:\/\/novo-flacso.hacklab.com.br\/files\/2025\/04\/Relat\u00f3rio-Institucional-2024-1.pdf\">Institutional Report 2024<\/a><\/li>\n\n\n\n<li><a href=\"https:\/\/novo-flacso.hacklab.com.br\/files\/2022\/01\/Relatorio_atividades_2023_Flacso-Brasil_final.pdf\">Institutional Report 2023<\/a><\/li>\n\n\n\n<li><a href=\"https:\/\/novo-flacso.hacklab.com.br\/files\/2022\/01\/Relatorio_atividades_2022.pdf\">Institutional Report 2022<\/a><\/li>\n\n\n\n<li><a href=\"https:\/\/novo-flacso.hacklab.com.br\/files\/2022\/01\/Relatorio_atividades_Flacso-Brasil_2021.pdf\">Institutional Report 2021<\/a><\/li>\n\n\n\n<li><a href=\"https:\/\/novo-flacso.hacklab.com.br\/files\/2021\/08\/Flacso_Relatorio_Institucional_2010_2020.pdf\">Institutional Report 2010-2020<\/a><\/li>\n<\/ul>\n\n\n\n<div style=\"height:50px\" aria-hidden=\"true\" class=\"wp-block-spacer hide-mobile\"><\/div>\n\n\n\n<figure class=\"wp-block-image alignfull size-full\"><img decoding=\"async\" src=\"https:\/\/novo-flacso.hacklab.com.br\/wp-content\/themes\/flacso-site\/assets\/images\/separadores\/separador-6.png\" alt=\"\"\/><\/figure>\n\n\n\n<div style=\"height:50px\" aria-hidden=\"true\" class=\"wp-block-spacer hide-mobile\"><\/div>\n\n\n\n<h2 class=\"wp-block-heading\">Regulations<\/h2>\n\n\n\n<p>FLACSO Brazil is governed by local regulations and the FLACSO System, which aim for excellence in its activities, whether academic, cooperative, or outreach-related.<\/p>\n\n\n\n<p>Academic and administrative regulations<br>General Assembly<br>Superior Council<br>Steering Committee<\/p>\n\n\n\n<h3 class=\"wp-block-heading\">Documents:<\/h3>\n\n\n\n<ul class=\"wp-block-list\">\n<li><a href=\"https:\/\/novo-flacso.hacklab.com.br\/files\/2022\/03\/acordo_flacso_brasil.pdf\">Agreement on Flacso<\/a><\/li>\n\n\n\n<li><a href=\"https:\/\/novo-flacso.hacklab.com.br\/files\/2022\/03\/Conv\u00eanio_Funcionamento_Flacso-Brasil.pdf\">Flacso Brazil Agreement<\/a><\/li>\n\n\n\n<li><a href=\"https:\/\/novo-flacso.hacklab.com.br\/files\/2022\/10\/Reglamento-Programas-Docentes-JUN.2022.pdf\">Regulation of Flacso System Teaching Programs<\/a><\/li>\n\n\n\n<li><a href=\"https:\/\/novo-flacso.hacklab.com.br\/files\/2022\/10\/Reglamento-Estudiantil-de-la-FLACSO-JUN.2022.pdf\">Flacso System Student Regulations<\/a><\/li>\n\n\n\n<li><a href=\"https:\/\/novo-flacso.hacklab.com.br\/files\/2024\/07\/Regimento-Geral-dos-Cursos-de-P\u00f3s-Gradua\u00e7\u00e3o.pdf\">General Regulations for Postgraduate Courses and Training Activities with Curricular Value at FLACSO Brazil<\/a><\/li>\n\n\n\n<li><a href=\"https:\/\/novo-flacso.hacklab.com.br\/files\/2022\/10\/C\u00f3digo-de-\u00c9tica-JUN.2022.pdf\">Flacso System Code of Ethics<\/a><\/li>\n\n\n\n<li><a href=\"https:\/\/novo-flacso.hacklab.com.br\/files\/2022\/10\/C\u00f3digo-de-\u00c9tica-de-la-Investigaci\u00f3n-JUN.2022.pdf\">Code of Ethics for Research of the Flacso System<\/a><\/li>\n\n\n\n<li><a href=\"https:\/\/novo-flacso.hacklab.com.br\/politica-de-protecao-a-criancas-adolescentes-e-adultos-em-situacao-de-vulnerabilidade-2\/\">Policy for the protection of children, adolescents and adults in vulnerable situations.<\/a><\/li>\n\n\n\n<li><a href=\"https:\/\/novo-flacso.hacklab.com.br\/linhas-de-pesquisa\/\">Research areas of the Flacso System<\/a><\/li>\n\n\n\n<li><a href=\"https:\/\/novo-flacso.hacklab.com.br\/emissao-de-diplomas-certificados-e-historicos-de-notas-2\/\">Issuance of diplomas, certificates, and transcripts.<\/a><\/li>\n<\/ul>\n","protected":false},"excerpt":{"rendered":"<p>Institutional Reports Vorem ipsum dolor sit amet, consectetur adipiscing elit. Nunc vulputate libero et velit interdum, ac aliquet odio Vorem ipsum dolor sit amet, consectetur adipiscing elit. Nunc vulputate libero [&hellip;]<\/p>\n","protected":false},"author":11280,"featured_media":0,"parent":0,"menu_order":0,"comment_status":"closed","ping_status":"closed","template":"","meta":{"footnotes":""},"programa-tematico":[],"class_list":["post-48305","page","type-page","status-publish","hentry"],"_links":{"self":[{"href":"https:\/\/novo-flacso.hacklab.com.br\/en\/wp-json\/wp\/v2\/pages\/48305","targetHints":{"allow":["GET"]}}],"collection":[{"href":"https:\/\/novo-flacso.hacklab.com.br\/en\/wp-json\/wp\/v2\/pages"}],"about":[{"href":"https:\/\/novo-flacso.hacklab.com.br\/en\/wp-json\/wp\/v2\/types\/page"}],"author":[{"embeddable":true,"href":"https:\/\/novo-flacso.hacklab.com.br\/en\/wp-json\/wp\/v2\/users\/11280"}],"replies":[{"embeddable":true,"href":"https:\/\/novo-flacso.hacklab.com.br\/en\/wp-json\/wp\/v2\/comments?post=48305"}],"version-history":[{"count":3,"href":"https:\/\/novo-flacso.hacklab.com.br\/en\/wp-json\/wp\/v2\/pages\/48305\/revisions"}],"predecessor-version":[{"id":48882,"href":"https:\/\/novo-flacso.hacklab.com.br\/en\/wp-json\/wp\/v2\/pages\/48305\/revisions\/48882"}],"wp:attachment":[{"href":"https:\/\/novo-flacso.hacklab.com.br\/en\/wp-json\/wp\/v2\/media?parent=48305"}],"wp:term":[{"taxonomy":"programa-tematico","embeddable":true,"href":"https:\/\/novo-flacso.hacklab.com.br\/en\/wp-json\/wp\/v2\/programa-tematico?post=48305"}],"curies":[{"name":"wp","href":"https:\/\/api.w.org\/{rel}","templated":true}]}}