{"id":48307,"date":"2025-04-04T12:48:24","date_gmt":"2025-04-04T15:48:24","guid":{"rendered":"https:\/\/novo-flacso.hacklab.com.br\/transparencia-e-relatorios\/"},"modified":"2026-03-31T11:58:40","modified_gmt":"2026-03-31T14:58:40","slug":"transparencia-e-informes","status":"publish","type":"page","link":"https:\/\/novo-flacso.hacklab.com.br\/es\/transparencia-e-informes\/","title":{"rendered":"Transparencia e informes"},"content":{"rendered":"\n<h2 class=\"wp-block-heading\">Informes institucionales<\/h2>\n\n\n\n<p>Vorem ipsum dolor sit amet, consectetur adipiscing elit. Nunc vulputate libero et velit interdum, ac aliquet odio Vorem ipsum dolor sit amet, consectetur adipiscing elit. Nunc vulputate libero et velit interdum, ac aliquet odio mattis.<\/p>\n\n\n\n<ul class=\"wp-block-list\">\n<li><a href=\"https:\/\/novo-flacso.hacklab.com.br\/files\/2025\/04\/Relat\u00f3rio-Institucional-2024-1.pdf\">Informe-Institucional-2024<\/a><\/li>\n\n\n\n<li><a href=\"https:\/\/novo-flacso.hacklab.com.br\/files\/2022\/01\/Relatorio_atividades_2023_Flacso-Brasil_final.pdf\">Informe Institucional 2023<\/a><\/li>\n\n\n\n<li><a href=\"https:\/\/novo-flacso.hacklab.com.br\/files\/2022\/01\/Relatorio_atividades_2022.pdf\">Informe Institucional 2022<\/a><\/li>\n\n\n\n<li><a href=\"https:\/\/novo-flacso.hacklab.com.br\/files\/2022\/01\/Relatorio_atividades_Flacso-Brasil_2021.pdf\">Informe Institucional 2021<\/a><\/li>\n\n\n\n<li><a href=\"https:\/\/novo-flacso.hacklab.com.br\/files\/2021\/08\/Flacso_Relatorio_Institucional_2010_2020.pdf\">Informe Institucional 2010-2020<\/a><\/li>\n<\/ul>\n\n\n\n<div style=\"height:50px\" aria-hidden=\"true\" class=\"wp-block-spacer hide-mobile\"><\/div>\n\n\n\n<figure class=\"wp-block-image alignfull size-full\"><img decoding=\"async\" src=\"https:\/\/novo-flacso.hacklab.com.br\/wp-content\/themes\/flacso-site\/assets\/images\/separadores\/separador-6.png\" alt=\"\"\/><\/figure>\n\n\n\n<div style=\"height:50px\" aria-hidden=\"true\" class=\"wp-block-spacer hide-mobile\"><\/div>\n\n\n\n<h2 class=\"wp-block-heading\">Reglamentos<\/h2>\n\n\n\n<p>FLACSO Brasil se rige por las normas locales y el Sistema FLACSO, que buscan la excelencia en sus actividades, ya sean acad\u00e9micas, cooperativas o de divulgaci\u00f3n.<\/p>\n\n\n\n<p>Reglamentos acad\u00e9micos y administrativos<br>Asamblea General<br>Consejo Superior<br>Comit\u00e9 Directivo<\/p>\n\n\n\n<h3 class=\"wp-block-heading\">Documentos<strong>:<\/strong><\/h3>\n\n\n\n<ul class=\"wp-block-list\">\n<li><a href=\"https:\/\/novo-flacso.hacklab.com.br\/files\/2022\/03\/acordo_flacso_brasil.pdf\">Acuerdo sobre Flacso<\/a><\/li>\n\n\n\n<li><a href=\"https:\/\/novo-flacso.hacklab.com.br\/files\/2022\/03\/Conv\u00eanio_Funcionamento_Flacso-Brasil.pdf\">Acuerdo de Flacso con Brasil<\/a><\/li>\n\n\n\n<li><a href=\"https:\/\/novo-flacso.hacklab.com.br\/files\/2022\/10\/Reglamento-Programas-Docentes-JUN.2022.pdf\">Regulaci\u00f3n de los programas de ense\u00f1anza del sistema Flacso<\/a><\/li>\n\n\n\n<li><a href=\"https:\/\/novo-flacso.hacklab.com.br\/files\/2022\/10\/Reglamento-Estudiantil-de-la-FLACSO-JUN.2022.pdf\">Reglamento estudiantil del sistema Flacso<\/a><\/li>\n\n\n\n<li><a href=\"https:\/\/novo-flacso.hacklab.com.br\/files\/2024\/07\/Regimento-Geral-dos-Cursos-de-P\u00f3s-Gradua\u00e7\u00e3o.pdf\">Reglamento general para los cursos de posgrado y las actividades de formaci\u00f3n con valor curricular en FLACSO Brasil<\/a><\/li>\n\n\n\n<li><a href=\"https:\/\/novo-flacso.hacklab.com.br\/files\/2022\/10\/C\u00f3digo-de-\u00c9tica-JUN.2022.pdf\">C\u00f3digo de \u00c9tica del Sistema Flacso<\/a><\/li>\n\n\n\n<li><a href=\"https:\/\/novo-flacso.hacklab.com.br\/files\/2022\/10\/C\u00f3digo-de-\u00c9tica-de-la-Investigaci\u00f3n-JUN.2022.pdf\">C\u00f3digo de \u00e9tica para la investigaci\u00f3n del sistema Flacso<\/a><\/li>\n\n\n\n<li><a href=\"https:\/\/novo-flacso.hacklab.com.br\/politica-de-protecao-a-criancas-adolescentes-e-adultos-em-situacao-de-vulnerabilidade-2\/\">Pol\u00edtica de protecci\u00f3n de ni\u00f1os, adolescentes y adultos en situaci\u00f3n de vulnerabilidad.<\/a><\/li>\n\n\n\n<li><a href=\"https:\/\/novo-flacso.hacklab.com.br\/linhas-de-pesquisa\/\">\u00c1reas de investigaci\u00f3n del Sistema Flacso<\/a><\/li>\n\n\n\n<li><a href=\"https:\/\/novo-flacso.hacklab.com.br\/emissao-de-diplomas-certificados-e-historicos-de-notas-2\/\">Expedici\u00f3n de diplomas, certificados y expedientes acad\u00e9micos.<\/a><\/li>\n<\/ul>\n","protected":false},"excerpt":{"rendered":"<p>Informes institucionales Vorem ipsum dolor sit amet, consectetur adipiscing elit. Nunc vulputate libero et velit interdum, ac aliquet odio Vorem ipsum dolor sit amet, consectetur adipiscing elit. Nunc vulputate libero [&hellip;]<\/p>\n","protected":false},"author":11280,"featured_media":0,"parent":0,"menu_order":0,"comment_status":"closed","ping_status":"closed","template":"","meta":{"footnotes":""},"programa-tematico":[],"class_list":["post-48307","page","type-page","status-publish","hentry"],"_links":{"self":[{"href":"https:\/\/novo-flacso.hacklab.com.br\/es\/wp-json\/wp\/v2\/pages\/48307","targetHints":{"allow":["GET"]}}],"collection":[{"href":"https:\/\/novo-flacso.hacklab.com.br\/es\/wp-json\/wp\/v2\/pages"}],"about":[{"href":"https:\/\/novo-flacso.hacklab.com.br\/es\/wp-json\/wp\/v2\/types\/page"}],"author":[{"embeddable":true,"href":"https:\/\/novo-flacso.hacklab.com.br\/es\/wp-json\/wp\/v2\/users\/11280"}],"replies":[{"embeddable":true,"href":"https:\/\/novo-flacso.hacklab.com.br\/es\/wp-json\/wp\/v2\/comments?post=48307"}],"version-history":[{"count":3,"href":"https:\/\/novo-flacso.hacklab.com.br\/es\/wp-json\/wp\/v2\/pages\/48307\/revisions"}],"predecessor-version":[{"id":48880,"href":"https:\/\/novo-flacso.hacklab.com.br\/es\/wp-json\/wp\/v2\/pages\/48307\/revisions\/48880"}],"wp:attachment":[{"href":"https:\/\/novo-flacso.hacklab.com.br\/es\/wp-json\/wp\/v2\/media?parent=48307"}],"wp:term":[{"taxonomy":"programa-tematico","embeddable":true,"href":"https:\/\/novo-flacso.hacklab.com.br\/es\/wp-json\/wp\/v2\/programa-tematico?post=48307"}],"curies":[{"name":"wp","href":"https:\/\/api.w.org\/{rel}","templated":true}]}}