{"id":48313,"date":"2022-01-24T14:14:35","date_gmt":"2022-01-24T17:14:35","guid":{"rendered":"https:\/\/novo-flacso.hacklab.com.br\/f-a-q\/"},"modified":"2026-03-26T16:46:03","modified_gmt":"2026-03-26T19:46:03","slug":"preguntas-frecuentes","status":"publish","type":"page","link":"https:\/\/novo-flacso.hacklab.com.br\/es\/preguntas-frecuentes\/","title":{"rendered":"Preguntas frecuentes"},"content":{"rendered":"\n<h2 class=\"wp-block-heading\" style=\"font-size:24px\">O que \u00e9 a Flacso Brasil?<\/h2>\n\n\n\n<p>A Flacso Brasil \u00e9 a sede brasileira da Faculdade Latino-Americana de Ci\u00eancias Sociais (Flacso), organismo internacional, aut\u00f4nomo e de natureza intergovernamental.<\/p>\n\n\n\n<p>Com sede na cidade de Bras\u00edlia e uma em S\u00e3o Paulo, a Flacso Brasil desenvolve atividades de pesquisa, forma\u00e7\u00e3o e coopera\u00e7\u00e3o nas \u00e1reas de educa\u00e7\u00e3o, direitos humanos, sa\u00fade, juventudes, viol\u00eancia, desigualdades, participa\u00e7\u00e3o social, cultura, diversidade \u00e9tnico-racial, entre outras.<\/p>\n\n\n\n<div style=\"height:20px\" aria-hidden=\"true\" class=\"wp-block-spacer\"><\/div>\n\n\n\n<h2 class=\"wp-block-heading\" style=\"font-size:24px\">O que \u00e9 o Sistema Flacso?<\/h2>\n\n\n\n<p>A Faculdade Latino-Americana de Ci\u00eancias Sociais (Flacso) \u00e9 um organismo internacional, aut\u00f4nomo e de natureza intergovernamental, fundado em 1957 pelos Estados Latino-Americanos que acolheram uma recomenda\u00e7\u00e3o da IX Confer\u00eancia Geral da Organiza\u00e7\u00e3o das Na\u00e7\u00f5es Unidas para a Educa\u00e7\u00e3o, a Ci\u00eancia e a Cultura (Unesco).<\/p>\n\n\n\n<p>O Sistema Flacso \u00e9 composto atualmente por 18 Estados-membros que desenvolvem atividades acad\u00eamicas, pesquisas e modalidades de coopera\u00e7\u00e3o em 13 pa\u00edses da Am\u00e9rica Latina e do Caribe.<\/p>\n\n\n\n<div style=\"height:20px\" aria-hidden=\"true\" class=\"wp-block-spacer\"><\/div>\n\n\n\n<h2 class=\"wp-block-heading\" style=\"font-size:24px\">Quais s\u00e3o os Estados-membros do Sistema Flacso?<\/h2>\n\n\n\n<p>Argentina, Bol\u00edvia, Brasil, Chile, Costa Rica, Cuba, El Salvador, Equador, Guatemala, Honduras, M\u00e9xico, Nicar\u00e1gua, Panam\u00e1, Paraguai, Peru, Rep\u00fablica Dominicana, Suriname e Uruguai.<\/p>\n\n\n\n<div style=\"height:20px\" aria-hidden=\"true\" class=\"wp-block-spacer\"><\/div>\n\n\n\n<h2 class=\"wp-block-heading\" style=\"font-size:24px\">Como entro em contato com a Flacso Brasil?<\/h2>\n\n\n\n<p>Nosso atendimento \u00e9 feito pelos e-mails flacsobr@flacso.org.br e secretaria.academica@flacso.org.br, que s\u00e3o consultados e respondidos diariamente. Para demandas relacionadas \u00e0 comunica\u00e7\u00e3o, o atendimento \u00e9 feito pelo e-mail imprensa@flacso.org.br.<\/p>\n\n\n\n<p>Caso queira falar com a coordena\u00e7\u00e3o de algum programa ou curso espec\u00edfico, nos informe que lhe passaremos o e-mail correspondente.<\/p>\n\n\n\n<p>&nbsp;<\/p>\n","protected":false},"excerpt":{"rendered":"<p>O que \u00e9 a Flacso Brasil? A Flacso Brasil \u00e9 a sede brasileira da Faculdade Latino-Americana de Ci\u00eancias Sociais (Flacso), organismo internacional, aut\u00f4nomo e de natureza intergovernamental. Com sede na [&hellip;]<\/p>\n","protected":false},"author":6378,"featured_media":0,"parent":0,"menu_order":0,"comment_status":"closed","ping_status":"closed","template":"","meta":{"footnotes":""},"programa-tematico":[],"class_list":["post-48313","page","type-page","status-publish","hentry"],"_links":{"self":[{"href":"https:\/\/novo-flacso.hacklab.com.br\/es\/wp-json\/wp\/v2\/pages\/48313","targetHints":{"allow":["GET"]}}],"collection":[{"href":"https:\/\/novo-flacso.hacklab.com.br\/es\/wp-json\/wp\/v2\/pages"}],"about":[{"href":"https:\/\/novo-flacso.hacklab.com.br\/es\/wp-json\/wp\/v2\/types\/page"}],"author":[{"embeddable":true,"href":"https:\/\/novo-flacso.hacklab.com.br\/es\/wp-json\/wp\/v2\/users\/6378"}],"replies":[{"embeddable":true,"href":"https:\/\/novo-flacso.hacklab.com.br\/es\/wp-json\/wp\/v2\/comments?post=48313"}],"version-history":[{"count":2,"href":"https:\/\/novo-flacso.hacklab.com.br\/es\/wp-json\/wp\/v2\/pages\/48313\/revisions"}],"predecessor-version":[{"id":48448,"href":"https:\/\/novo-flacso.hacklab.com.br\/es\/wp-json\/wp\/v2\/pages\/48313\/revisions\/48448"}],"wp:attachment":[{"href":"https:\/\/novo-flacso.hacklab.com.br\/es\/wp-json\/wp\/v2\/media?parent=48313"}],"wp:term":[{"taxonomy":"programa-tematico","embeddable":true,"href":"https:\/\/novo-flacso.hacklab.com.br\/es\/wp-json\/wp\/v2\/programa-tematico?post=48313"}],"curies":[{"name":"wp","href":"https:\/\/api.w.org\/{rel}","templated":true}]}}