{"id":48322,"date":"2022-01-19T15:19:48","date_gmt":"2022-01-19T18:19:48","guid":{"rendered":"https:\/\/novo-flacso.hacklab.com.br\/seja-um-fornecedor\/"},"modified":"2026-03-31T08:48:05","modified_gmt":"2026-03-31T11:48:05","slug":"conviertase-en-proveedor","status":"publish","type":"page","link":"https:\/\/novo-flacso.hacklab.com.br\/es\/conviertase-en-proveedor\/","title":{"rendered":"Convi\u00e9rtase en proveedor"},"content":{"rendered":"\n<p>Flacso Brasil busca nuevos proveedores para satisfacer sus necesidades de servicio y productos. La selecci\u00f3n, cotizaci\u00f3n y contrataci\u00f3n de proveedores se rigen por nuestra pol\u00edtica interna de Compras y Contrataci\u00f3n, respetando criterios t\u00e9cnicos y otros procesos como la calidad, el precio, el plazo de entrega y el servicio al cliente.<\/p>\n\n\n\n<p>O pr\u00e9-cadastro de fornecedores permite que a Flacso conhe\u00e7a a \u00e1rea de atua\u00e7\u00e3o da sua empresa e possa convid\u00e1-la a participar de um processo concorrencial.<\/p>\n\n\n\n<div class=\"wp-block-buttons is-layout-flex wp-block-buttons-is-layout-flex\">\n<div class=\"wp-block-button\"><a class=\"wp-block-button__link has-primary-dark-background-color has-background has-custom-font-size wp-element-button\" style=\"border-top-left-radius:20px;border-top-right-radius:20px;border-bottom-left-radius:20px;border-bottom-right-radius:20px;padding-top:6px;padding-right:32px;padding-bottom:6px;padding-left:32px;font-size:20px;line-height:1.5\">PREINSCRIPCI\u00d3N<\/a><\/div>\n<\/div>\n","protected":false},"excerpt":{"rendered":"<p>Flacso Brasil busca nuevos proveedores para satisfacer sus necesidades de servicio y productos. La selecci\u00f3n, cotizaci\u00f3n y contrataci\u00f3n de proveedores se rigen por nuestra pol\u00edtica interna de Compras y Contrataci\u00f3n, [&hellip;]<\/p>\n","protected":false},"author":6378,"featured_media":0,"parent":0,"menu_order":0,"comment_status":"closed","ping_status":"closed","template":"","meta":{"footnotes":""},"programa-tematico":[],"class_list":["post-48322","page","type-page","status-publish","hentry"],"_links":{"self":[{"href":"https:\/\/novo-flacso.hacklab.com.br\/es\/wp-json\/wp\/v2\/pages\/48322","targetHints":{"allow":["GET"]}}],"collection":[{"href":"https:\/\/novo-flacso.hacklab.com.br\/es\/wp-json\/wp\/v2\/pages"}],"about":[{"href":"https:\/\/novo-flacso.hacklab.com.br\/es\/wp-json\/wp\/v2\/types\/page"}],"author":[{"embeddable":true,"href":"https:\/\/novo-flacso.hacklab.com.br\/es\/wp-json\/wp\/v2\/users\/6378"}],"replies":[{"embeddable":true,"href":"https:\/\/novo-flacso.hacklab.com.br\/es\/wp-json\/wp\/v2\/comments?post=48322"}],"version-history":[{"count":2,"href":"https:\/\/novo-flacso.hacklab.com.br\/es\/wp-json\/wp\/v2\/pages\/48322\/revisions"}],"predecessor-version":[{"id":48818,"href":"https:\/\/novo-flacso.hacklab.com.br\/es\/wp-json\/wp\/v2\/pages\/48322\/revisions\/48818"}],"wp:attachment":[{"href":"https:\/\/novo-flacso.hacklab.com.br\/es\/wp-json\/wp\/v2\/media?parent=48322"}],"wp:term":[{"taxonomy":"programa-tematico","embeddable":true,"href":"https:\/\/novo-flacso.hacklab.com.br\/es\/wp-json\/wp\/v2\/programa-tematico?post=48322"}],"curies":[{"name":"wp","href":"https:\/\/api.w.org\/{rel}","templated":true}]}}